{"id":1278,"date":"2020-11-21T22:19:07","date_gmt":"2020-11-21T21:19:07","guid":{"rendered":"http:\/\/landesbasketball.org\/?page_id=1278"},"modified":"2026-01-26T11:37:16","modified_gmt":"2026-01-26T10:37:16","slug":"championnats","status":"publish","type":"page","link":"https:\/\/www.landesbasketball.org\/index.php\/championnats\/","title":{"rendered":"Championnats et br\u00fbl\u00e9(e)s &#8211; CALENDRIER -REGLEMENTS-SURCLASSEMENTS"},"content":{"rendered":"\n<div class=\"wp-block-file\"><a id=\"wp-block-file--media-5c0b4334-3fad-4af8-ba35-49cc73d1b6df\" href=\"https:\/\/www.landesbasketball.org\/wp-content\/uploads\/2026\/01\/Calendrier-sportif-2025-2026-date-finales-Fauthoux-Ghroum-modifiee-2026-01-26.xls\"><strong><code>Calendrier sportif 2025-2026 date finales Fauthoux-Ghroum modifi\u00e9e 2026 01 26<\/code><\/strong><\/a><a href=\"https:\/\/www.landesbasketball.org\/wp-content\/uploads\/2026\/01\/Calendrier-sportif-2025-2026-date-finales-Fauthoux-Ghroum-modifiee-2026-01-26.xls\" class=\"wp-block-file__button wp-element-button\" download aria-describedby=\"wp-block-file--media-5c0b4334-3fad-4af8-ba35-49cc73d1b6df\">T\u00e9l\u00e9charger<\/a><\/div>\n\n\n\n<div class=\"wp-block-file\"><a href=\"https:\/\/www.landesbasketball.org\/wp-content\/uploads\/2025\/06\/Tableau_surclassements_2025-2026-1.pdf\"><strong>Tableau_surclassements_2025-2026<\/strong>-1<\/a><a href=\"https:\/\/www.landesbasketball.org\/wp-content\/uploads\/2025\/06\/Tableau_surclassements_2025-2026-1.pdf\" class=\"wp-block-file__button wp-element-button\" download>T\u00e9l\u00e9charger<\/a><\/div>\n\n\n\n<div class=\"wp-block-file\"><a href=\"https:\/\/www.landesbasketball.org\/wp-content\/uploads\/2025\/08\/REGLEMENT-SPORTIF-PARTICULIER-CHAMPIONNAT-SENIOR-2025-2026-corrige.docx\"><code><span class=\"has-inline-color has-luminous-vivid-amber-color\"><strong>REGLEMENT-SPORTIF-PARTICULIER-CHAMPIONNAT-SENIOR<\/strong>-2025-2026-corrige<\/span><\/code><\/a><a href=\"https:\/\/www.landesbasketball.org\/wp-content\/uploads\/2025\/08\/REGLEMENT-SPORTIF-PARTICULIER-CHAMPIONNAT-SENIOR-2025-2026-corrige.docx\" class=\"wp-block-file__button wp-element-button\" download>T\u00e9l\u00e9charger<\/a><\/div>\n\n\n\n<div class=\"wp-block-file\"><a id=\"wp-block-file--media-f2061008-f996-45ce-938e-000ef362d7db\" href=\"https:\/\/www.landesbasketball.org\/wp-content\/uploads\/2026\/01\/Reglement-generaux-departement-25-26.odt\"><strong><code>R\u00e9glement g\u00e9n\u00e9raux d\u00e9partement 25-26<\/code><\/strong><\/a><a href=\"https:\/\/www.landesbasketball.org\/wp-content\/uploads\/2026\/01\/Reglement-generaux-departement-25-26.odt\" class=\"wp-block-file__button wp-element-button\" download aria-describedby=\"wp-block-file--media-f2061008-f996-45ce-938e-000ef362d7db\">T\u00e9l\u00e9charger<\/a><\/div>\n\n\n\n<div class=\"wp-block-file\"><a id=\"wp-block-file--media-cf83149a-1d9c-42d5-b28b-fbdd846e4900\" href=\"https:\/\/www.landesbasketball.org\/wp-content\/uploads\/2026\/01\/2026-01-23-.Listes-des-brules-seniors-au-23.01.2026.ods\"><strong><code>2026 01 23-.Listes des brul\u00e9s seniors au 23.01.2026<\/code><\/strong><\/a><a href=\"https:\/\/www.landesbasketball.org\/wp-content\/uploads\/2026\/01\/2026-01-23-.Listes-des-brules-seniors-au-23.01.2026.ods\" class=\"wp-block-file__button wp-element-button\" download aria-describedby=\"wp-block-file--media-cf83149a-1d9c-42d5-b28b-fbdd846e4900\">T\u00e9l\u00e9charger<\/a><\/div>\n\n\n\n<div class=\"wp-block-file\"><a id=\"wp-block-file--media-ef104be9-e397-4025-bc8a-9858ddb7afce\" href=\"https:\/\/www.landesbasketball.org\/wp-content\/uploads\/2026\/01\/2026-01-23-.Listes-des-brules-jeunes-au-23.01.2026.xls\"><strong><code>2026 01 23-.Listes des brul\u00e9s jeunes au 23.01.2026<\/code><\/strong><\/a><a href=\"https:\/\/www.landesbasketball.org\/wp-content\/uploads\/2026\/01\/2026-01-23-.Listes-des-brules-jeunes-au-23.01.2026.xls\" class=\"wp-block-file__button wp-element-button\" download aria-describedby=\"wp-block-file--media-ef104be9-e397-4025-bc8a-9858ddb7afce\">T\u00e9l\u00e9charger<\/a><\/div>\n\n\n\n<div class=\"wp-block-file\"><a id=\"wp-block-file--media-3f3f61b4-aced-4b91-95e2-ec50c3ccf728\" href=\"https:\/\/www.landesbasketball.org\/wp-content\/uploads\/2026\/01\/Reglements-generaux-jeunes-40-et-PRE-LIGUE-2026-01-23.docx\"><strong><code>REGLEMENTS GENERAUX JEUNES 40 et PRE LIGUE -2025-2026<\/code><\/strong><\/a><a href=\"https:\/\/www.landesbasketball.org\/wp-content\/uploads\/2026\/01\/Reglements-generaux-jeunes-40-et-PRE-LIGUE-2026-01-23.docx\" class=\"wp-block-file__button wp-element-button\" download aria-describedby=\"wp-block-file--media-3f3f61b4-aced-4b91-95e2-ec50c3ccf728\">T\u00e9l\u00e9charger<\/a><\/div>\n\n\n\n<div class=\"wp-block-file\"><a id=\"wp-block-file--media-9aa9160b-867f-4fa3-a931-aa371349f294\" href=\"https:\/\/www.landesbasketball.org\/wp-content\/uploads\/2026\/01\/2026-01-23-.Tableaux-des-phases-finales.xls\"><strong><code>Tableaux des phases finales- SAISON 2025-2026<\/code><\/strong><\/a><a href=\"https:\/\/www.landesbasketball.org\/wp-content\/uploads\/2026\/01\/2026-01-23-.Tableaux-des-phases-finales.xls\" class=\"wp-block-file__button wp-element-button\" download aria-describedby=\"wp-block-file--media-9aa9160b-867f-4fa3-a931-aa371349f294\">T\u00e9l\u00e9charger<\/a><\/div>\n\n\n\n<div class=\"wp-block-file\"><a href=\"https:\/\/www.landesbasketball.org\/wp-content\/uploads\/2025\/08\/Deroulement-championnats-pre-ligue-jeunes.odt\"><code><span class=\"has-inline-color has-luminous-vivid-amber-color\"><strong>D\u00c9ROULEMENT CHAMPIONNATS PRE-LIGUE JEUNES<\/strong> 25\/26<\/span><\/code><\/a><a href=\"https:\/\/www.landesbasketball.org\/wp-content\/uploads\/2025\/08\/Deroulement-championnats-pre-ligue-jeunes.odt\" class=\"wp-block-file__button wp-element-button\" download>T\u00e9l\u00e9charger<\/a><\/div>\n\n\n\n<div class=\"wp-block-file\"><a href=\"https:\/\/www.landesbasketball.org\/wp-content\/uploads\/2025\/01\/Tableaux-des-phases-finales.ods\">PHASES FINALES 2024\/2025- Tableaux-des-phases-finales<\/a><a href=\"https:\/\/www.landesbasketball.org\/wp-content\/uploads\/2025\/01\/Tableaux-des-phases-finales.ods\" class=\"wp-block-file__button wp-element-button\" download>T\u00e9l\u00e9charger<\/a><\/div>\n\n\n\n<div class=\"wp-block-file\"><a href=\"https:\/\/www.landesbasketball.org\/wp-content\/uploads\/2025\/07\/U13F-pre-ligue-plateau-phase-1.ods\"><span class=\"has-inline-color has-luminous-vivid-amber-color\">U13F-pre-ligue-plateau-phase-1<\/span><\/a><a href=\"https:\/\/www.landesbasketball.org\/wp-content\/uploads\/2025\/07\/U13F-pre-ligue-plateau-phase-1.ods\" class=\"wp-block-file__button wp-element-button\" download>T\u00e9l\u00e9charger<\/a><\/div>\n\n\n\n<div class=\"wp-block-file\"><a href=\"https:\/\/www.landesbasketball.org\/wp-content\/uploads\/2025\/07\/U13M-pre-ligue-plateau-phase-1.ods\"><span class=\"has-inline-color has-luminous-vivid-amber-color\">U13M-pre-ligue-plateau-phase-1<\/span><\/a><a href=\"https:\/\/www.landesbasketball.org\/wp-content\/uploads\/2025\/07\/U13M-pre-ligue-plateau-phase-1.ods\" class=\"wp-block-file__button wp-element-button\" download>T\u00e9l\u00e9charger<\/a><\/div>\n\n\n\n<div class=\"wp-block-file\"><a href=\"https:\/\/www.landesbasketball.org\/wp-content\/uploads\/2025\/07\/U18F-pre-ligue-plateaux-phase-1.ods\"><span class=\"has-inline-color has-luminous-vivid-amber-color\">U18F-pre-ligue-plateaux-phase-1<\/span><\/a><a href=\"https:\/\/www.landesbasketball.org\/wp-content\/uploads\/2025\/07\/U18F-pre-ligue-plateaux-phase-1.ods\" class=\"wp-block-file__button wp-element-button\" download>T\u00e9l\u00e9charger<\/a><\/div>\n\n\n\n<div class=\"wp-block-file\"><a href=\"https:\/\/www.landesbasketball.org\/wp-content\/uploads\/2024\/10\/REGLEMENT-COUPES-SENIORS-ET-JEUNES-SAISON-2024-2025-2.odt\">REGLEMENT-COUPES-SENIORS-ET-JEUNES-SAISON-2024-2025-2<\/a><a href=\"https:\/\/www.landesbasketball.org\/wp-content\/uploads\/2024\/10\/REGLEMENT-COUPES-SENIORS-ET-JEUNES-SAISON-2024-2025-2.odt\" class=\"wp-block-file__button wp-element-button\" download>T\u00e9l\u00e9charger<\/a><\/div>\n\n\n\n<div class=\"wp-block-file\"><a href=\"https:\/\/www.landesbasketball.org\/wp-content\/uploads\/2023\/09\/Champ.-Jeunes-Particularites-tech-25-09-2023-1.png\">COM TECHNIQUE : Champ.-Jeunes-Particularites-tech-25-09-2023-1<\/a><a href=\"https:\/\/www.landesbasketball.org\/wp-content\/uploads\/2023\/09\/Champ.-Jeunes-Particularites-tech-25-09-2023-1.png\" class=\"wp-block-file__button wp-element-button\" download>T\u00e9l\u00e9charger<\/a><\/div>\n\n\n\n<p><\/p>\n\n\n\n<p><\/p>\n\n\n\n<p><\/p>\n\n\n\n<p><\/p>\n\n\n\n<p><\/p>\n\n\n\n<p><\/p>\n\n\n\n<div class=\"wp-block-file\"><a href=\"https:\/\/www.landesbasketball.org\/wp-content\/uploads\/2025\/03\/2025-03-20-BRULES-SENIORS-CLASSIQUES.ods\" class=\"wp-block-file__button wp-element-button\" download>T\u00e9l\u00e9charger<\/a><\/div>\n\n\n\n<div class=\"wp-block-file\"><a href=\"https:\/\/www.landesbasketball.org\/wp-content\/uploads\/2025\/03\/2025-03-20-BRULES-JEUNES.ods\" class=\"wp-block-file__button wp-element-button\" download>T\u00e9l\u00e9charger<\/a><\/div>\n\n\n\n<p><a href=\"https:\/\/www.landesbasketball.org\/wp-content\/uploads\/2023\/09\/Champ.-Jeunes-Particularites-tech-25-09-2023-1.png\">https:\/\/www.landesbasketball.org\/wp-content\/uploads\/2023\/09\/Champ.-Jeunes-Particularites-tech-25-09-2023-1.png<\/a><\/p>\n","protected":false},"excerpt":{"rendered":"<p>https:\/\/www.landesbasketball.org\/wp-content\/uploads\/2023\/09\/Champ.-Jeunes-Particularites-tech-25-09-2023-1.png<\/p>\n","protected":false},"author":1,"featured_media":0,"parent":0,"menu_order":0,"comment_status":"closed","ping_status":"closed","template":"","meta":{"footnotes":""},"class_list":["post-1278","page","type-page","status-publish","hentry"],"_links":{"self":[{"href":"https:\/\/www.landesbasketball.org\/index.php\/wp-json\/wp\/v2\/pages\/1278","targetHints":{"allow":["GET"]}}],"collection":[{"href":"https:\/\/www.landesbasketball.org\/index.php\/wp-json\/wp\/v2\/pages"}],"about":[{"href":"https:\/\/www.landesbasketball.org\/index.php\/wp-json\/wp\/v2\/types\/page"}],"author":[{"embeddable":true,"href":"https:\/\/www.landesbasketball.org\/index.php\/wp-json\/wp\/v2\/users\/1"}],"replies":[{"embeddable":true,"href":"https:\/\/www.landesbasketball.org\/index.php\/wp-json\/wp\/v2\/comments?post=1278"}],"version-history":[{"count":184,"href":"https:\/\/www.landesbasketball.org\/index.php\/wp-json\/wp\/v2\/pages\/1278\/revisions"}],"predecessor-version":[{"id":4948,"href":"https:\/\/www.landesbasketball.org\/index.php\/wp-json\/wp\/v2\/pages\/1278\/revisions\/4948"}],"wp:attachment":[{"href":"https:\/\/www.landesbasketball.org\/index.php\/wp-json\/wp\/v2\/media?parent=1278"}],"curies":[{"name":"wp","href":"https:\/\/api.w.org\/{rel}","templated":true}]}}