{"id":1392,"date":"2021-05-07T14:35:38","date_gmt":"2021-05-07T12:35:38","guid":{"rendered":"http:\/\/landesbasketball.org\/?page_id=1392"},"modified":"2021-05-07T17:46:36","modified_gmt":"2021-05-07T15:46:36","slug":"camps-dete-arbitres","status":"publish","type":"page","link":"https:\/\/www.landesbasketball.org\/index.php\/camps-dete-arbitres\/","title":{"rendered":"Camps d&rsquo;\u00e9t\u00e9 arbitres"},"content":{"rendered":"\t\t<div data-elementor-type=\"wp-page\" data-elementor-id=\"1392\" class=\"elementor elementor-1392\">\n\t\t\t\t\t\t<section class=\"elementor-section elementor-top-section elementor-element elementor-element-44b5ade elementor-section-boxed elementor-section-height-default elementor-section-height-default\" data-id=\"44b5ade\" data-element_type=\"section\">\n\t\t\t\t\t\t<div class=\"elementor-container elementor-column-gap-default\">\n\t\t\t\t\t<div class=\"elementor-column elementor-col-100 elementor-top-column elementor-element elementor-element-6d6d366\" data-id=\"6d6d366\" data-element_type=\"column\">\n\t\t\t<div class=\"elementor-widget-wrap elementor-element-populated\">\n\t\t\t\t\t\t<div class=\"elementor-element elementor-element-05a9705 elementor-widget elementor-widget-image\" data-id=\"05a9705\" data-element_type=\"widget\" data-widget_type=\"image.default\">\n\t\t\t\t<div class=\"elementor-widget-container\">\n\t\t\t\t\t\t\t\t\t\t\t\t\t\t\t<img fetchpriority=\"high\" decoding=\"async\" width=\"730\" height=\"359\" src=\"https:\/\/www.landesbasketball.org\/wp-content\/uploads\/2021\/05\/camp-arbitres.jpg\" class=\"attachment-large size-large wp-image-1396\" alt=\"\" srcset=\"https:\/\/www.landesbasketball.org\/wp-content\/uploads\/2021\/05\/camp-arbitres.jpg 887w, https:\/\/www.landesbasketball.org\/wp-content\/uploads\/2021\/05\/camp-arbitres-300x147.jpg 300w, https:\/\/www.landesbasketball.org\/wp-content\/uploads\/2021\/05\/camp-arbitres-768x378.jpg 768w\" sizes=\"(max-width: 730px) 100vw, 730px\" \/>\t\t\t\t\t\t\t\t\t\t\t\t\t\t\t<\/div>\n\t\t\t\t<\/div>\n\t\t\t\t\t<\/div>\n\t\t<\/div>\n\t\t\t\t\t<\/div>\n\t\t<\/section>\n\t\t\t\t<section class=\"elementor-section elementor-top-section elementor-element elementor-element-1c950f7 elementor-section-boxed elementor-section-height-default elementor-section-height-default\" data-id=\"1c950f7\" data-element_type=\"section\">\n\t\t\t\t\t\t<div class=\"elementor-container elementor-column-gap-default\">\n\t\t\t\t\t<div class=\"elementor-column elementor-col-100 elementor-top-column elementor-element elementor-element-7a3d1143\" data-id=\"7a3d1143\" data-element_type=\"column\">\n\t\t\t<div class=\"elementor-widget-wrap elementor-element-populated\">\n\t\t\t\t\t\t<div class=\"elementor-element elementor-element-4fa211ae elementor-widget elementor-widget-text-editor\" data-id=\"4fa211ae\" data-element_type=\"widget\" data-widget_type=\"text-editor.default\">\n\t\t\t\t<div class=\"elementor-widget-container\">\n\t\t\t\t\t\t\t\t\t\n<p>D\u00e9marrez vos vacances estivales par un camp arbitres \u00e0 Vieux-Boucau et profitez d\u2019une formation technique dans un cadre optimal.<\/p>\n\n\n\n<p>Pour cette saison 2021, la CDO 40 organise 2 camps au cours du mois de juillet&nbsp;:<\/p>\n\n\n\n<p>Le temps d\u2019un WEEK END, du 2 au 4 Juillet (du vendredi 18h au dimanche 17h), les arbitres d\u00e9partementaux et R3 pourront suivre un camp de perfectionnement.<\/p>\n\n\n\n<p>S\u2019en suivra une formation initiale du 12 au 16 JUILLET (du lundi 9h au vendredi 17h) ouverte \u00e0 toutes les personnes licenci\u00e9es FFBB souhaitant devenir arbitre d\u00e9partement d\u00e8s la saison prochaine.<\/p>\n\t\t\t\t\t\t\t\t<\/div>\n\t\t\t\t<\/div>\n\t\t\t\t\t<\/div>\n\t\t<\/div>\n\t\t\t\t\t<\/div>\n\t\t<\/section>\n\t\t\t\t<section class=\"elementor-section elementor-top-section elementor-element elementor-element-0e25637 elementor-section-boxed elementor-section-height-default elementor-section-height-default\" data-id=\"0e25637\" data-element_type=\"section\">\n\t\t\t\t\t\t<div class=\"elementor-container elementor-column-gap-default\">\n\t\t\t\t\t<div class=\"elementor-column elementor-col-100 elementor-top-column elementor-element elementor-element-0aa492a\" data-id=\"0aa492a\" data-element_type=\"column\">\n\t\t\t<div class=\"elementor-widget-wrap elementor-element-populated\">\n\t\t\t\t\t\t<div class=\"elementor-element elementor-element-95d2672 elementor-widget elementor-widget-image\" data-id=\"95d2672\" data-element_type=\"widget\" data-widget_type=\"image.default\">\n\t\t\t\t<div class=\"elementor-widget-container\">\n\t\t\t\t\t\t\t\t\t\t\t\t\t\t\t<img decoding=\"async\" width=\"720\" height=\"943\" src=\"https:\/\/www.landesbasketball.org\/wp-content\/uploads\/2021\/05\/Camps-arbitres-affiche-video.jpg\" class=\"attachment-large size-large wp-image-1413\" alt=\"\" srcset=\"https:\/\/www.landesbasketball.org\/wp-content\/uploads\/2021\/05\/Camps-arbitres-affiche-video.jpg 720w, https:\/\/www.landesbasketball.org\/wp-content\/uploads\/2021\/05\/Camps-arbitres-affiche-video-229x300.jpg 229w\" sizes=\"(max-width: 720px) 100vw, 720px\" \/>\t\t\t\t\t\t\t\t\t\t\t\t\t\t\t<\/div>\n\t\t\t\t<\/div>\n\t\t\t\t\t<\/div>\n\t\t<\/div>\n\t\t\t\t\t<\/div>\n\t\t<\/section>\n\t\t\t\t<section class=\"elementor-section elementor-top-section elementor-element elementor-element-c59a8db elementor-section-boxed elementor-section-height-default elementor-section-height-default\" data-id=\"c59a8db\" data-element_type=\"section\">\n\t\t\t\t\t\t<div class=\"elementor-container elementor-column-gap-default\">\n\t\t\t\t\t<div class=\"elementor-column elementor-col-50 elementor-top-column elementor-element elementor-element-d6ffb58\" data-id=\"d6ffb58\" data-element_type=\"column\">\n\t\t\t<div class=\"elementor-widget-wrap elementor-element-populated\">\n\t\t\t\t\t\t<div class=\"elementor-element elementor-element-4e57ec0 elementor-widget elementor-widget-text-editor\" data-id=\"4e57ec0\" data-element_type=\"widget\" data-widget_type=\"text-editor.default\">\n\t\t\t\t<div class=\"elementor-widget-container\">\n\t\t\t\t\t\t\t\t\t<p>Au programme, des formations th\u00e9oriques et des ateliers pratiques, mais aussi des activit\u00e9s\u00a0extra basket et des moments de convivialit\u00e9.<br \/>L\u2019objectif est d\u2019offrir des camps de qualit\u00e9 gr\u00e2ce\u00a0\u00e0 notre conseiller technique de l\u2019arbitrage Jos\u00e9\u00a0SOARES qui officie depuis 20 ans \u00e0 haut niveau.<br \/>Celui-ci vous guidera pour appr\u00e9hender les\u00a0bases de l\u2019arbitrage mais aussi vous donner de\u00a0pr\u00e9cieux conseils pour progresser et franchir les\u00a0paliers sup\u00e9rieurs.<\/p>\n<p>Id\u00e9alement situ\u00e9 entre le centre bourg, les\u00a0plages et le lac marin, le relais de port d\u2019Albret\u00a0accueille les camps arbitres du Comit\u00e9 des\u00a0landes de Basket Ball pour la partie\u00a0h\u00e9bergement et restauration.<\/p>\n<p>A quelques pas seulement, nous pourrons profiter du centre d\u2019entrainement compos\u00e9\u00a0d\u2019une grande salle de basket et de terrains ext\u00e9rieurs.<\/p>\t\t\t\t\t\t\t\t<\/div>\n\t\t\t\t<\/div>\n\t\t\t\t\t<\/div>\n\t\t<\/div>\n\t\t\t\t<div class=\"elementor-column elementor-col-50 elementor-top-column elementor-element elementor-element-9cc2231\" data-id=\"9cc2231\" data-element_type=\"column\">\n\t\t\t<div class=\"elementor-widget-wrap elementor-element-populated\">\n\t\t\t\t\t\t<div class=\"elementor-element elementor-element-a93e075 elementor-widget elementor-widget-image\" data-id=\"a93e075\" data-element_type=\"widget\" data-widget_type=\"image.default\">\n\t\t\t\t<div class=\"elementor-widget-container\">\n\t\t\t\t\t\t\t\t\t\t\t\t\t\t\t<img decoding=\"async\" width=\"411\" height=\"471\" src=\"https:\/\/www.landesbasketball.org\/wp-content\/uploads\/2021\/05\/jose.jpg\" class=\"attachment-large size-large wp-image-1395\" alt=\"\" srcset=\"https:\/\/www.landesbasketball.org\/wp-content\/uploads\/2021\/05\/jose.jpg 411w, https:\/\/www.landesbasketball.org\/wp-content\/uploads\/2021\/05\/jose-262x300.jpg 262w\" sizes=\"(max-width: 411px) 100vw, 411px\" \/>\t\t\t\t\t\t\t\t\t\t\t\t\t\t\t<\/div>\n\t\t\t\t<\/div>\n\t\t\t\t\t<\/div>\n\t\t<\/div>\n\t\t\t\t\t<\/div>\n\t\t<\/section>\n\t\t\t\t<section class=\"elementor-section elementor-top-section elementor-element elementor-element-6ce2457 elementor-section-boxed elementor-section-height-default elementor-section-height-default\" data-id=\"6ce2457\" data-element_type=\"section\">\n\t\t\t\t\t\t<div class=\"elementor-container elementor-column-gap-default\">\n\t\t\t\t\t<div class=\"elementor-column elementor-col-100 elementor-top-column elementor-element elementor-element-9a33817\" data-id=\"9a33817\" data-element_type=\"column\">\n\t\t\t<div class=\"elementor-widget-wrap elementor-element-populated\">\n\t\t\t\t\t\t<div class=\"elementor-element elementor-element-0d7785f elementor-widget elementor-widget-text-editor\" data-id=\"0d7785f\" data-element_type=\"widget\" data-widget_type=\"text-editor.default\">\n\t\t\t\t<div class=\"elementor-widget-container\">\n\t\t\t\t\t\t\t\t\t<p>\u00a0<\/p>\n<p>Toute demande d\u2019inscription sera d\u00e9finitive \u00e0 r\u00e9ception du paiement. Le co\u00fbt du stage\u00a0comprend l\u2019h\u00e9bergement en pension compl\u00e8te, les activit\u00e9s extra basket mais aussi une\u00a0dotation remise \u00e0 chaque stagiaire (teeshirt, masque, gourde, etc.)<\/p>\n<p>N\u2019attendez plus, le nombre de places est limit\u00e9 !!!!!!<\/p>\n<p>Pour vous inscrire, envoyez un mail \u00e0 Jos\u00e9 Soares ( arbitre64.40@gmail.com ) en indiquant\u00a0votre nom, pr\u00e9nom, date de naissance, adresse postale, adresse mail, taille de tee shirt et\u00a0le camp souhait\u00e9<\/p>\n<p>EN CAS D\u2019ANNULATION COVID, LE COMITE S\u2019ENGAGE \u00c0 REMBOURSER L\u2019INT\u00c9GRALIT\u00c9 DES<br \/>SOMMES VERS\u00c9ES AUX FAMILLES.<\/p>\n<p>\u00a0<\/p>\t\t\t\t\t\t\t\t<\/div>\n\t\t\t\t<\/div>\n\t\t\t\t\t<\/div>\n\t\t<\/div>\n\t\t\t\t\t<\/div>\n\t\t<\/section>\n\t\t\t\t<section class=\"elementor-section elementor-top-section elementor-element elementor-element-4d11343 elementor-section-boxed elementor-section-height-default elementor-section-height-default\" data-id=\"4d11343\" data-element_type=\"section\">\n\t\t\t\t\t\t<div class=\"elementor-container elementor-column-gap-default\">\n\t\t\t\t\t<div class=\"elementor-column elementor-col-100 elementor-top-column elementor-element elementor-element-4234d15\" data-id=\"4234d15\" data-element_type=\"column\">\n\t\t\t<div class=\"elementor-widget-wrap elementor-element-populated\">\n\t\t\t\t\t\t<div class=\"elementor-element elementor-element-0eed1a0 elementor-view-default elementor-position-block-start elementor-mobile-position-block-start elementor-widget elementor-widget-icon-box\" data-id=\"0eed1a0\" data-element_type=\"widget\" data-widget_type=\"icon-box.default\">\n\t\t\t\t<div class=\"elementor-widget-container\">\n\t\t\t\t\t\t\t<div class=\"elementor-icon-box-wrapper\">\n\n\t\t\t\t\t\t<div class=\"elementor-icon-box-icon\">\n\t\t\t\t<a href=\"http:\/\/landesbasketball.org\/wp-content\/uploads\/2021\/05\/Arbitres.pdf\" target=\"_blank\" class=\"elementor-icon\" tabindex=\"-1\" aria-label=\"Bulletin d&#039;inscription\">\n\t\t\t\t<i aria-hidden=\"true\" class=\"far fa-file-pdf\"><\/i>\t\t\t\t<\/a>\n\t\t\t<\/div>\n\t\t\t\n\t\t\t\t\t\t<div class=\"elementor-icon-box-content\">\n\n\t\t\t\t\t\t\t\t\t<h3 class=\"elementor-icon-box-title\">\n\t\t\t\t\t\t<a href=\"http:\/\/landesbasketball.org\/wp-content\/uploads\/2021\/05\/Arbitres.pdf\" target=\"_blank\" >\n\t\t\t\t\t\t\tBulletin d'inscription\t\t\t\t\t\t<\/a>\n\t\t\t\t\t<\/h3>\n\t\t\t\t\n\t\t\t\t\t\t\t\t\t<p class=\"elementor-icon-box-description\">\n\t\t\t\t\t\tCliquez dessus pour ouvrir\t\t\t\t\t<\/p>\n\t\t\t\t\n\t\t\t<\/div>\n\t\t\t\n\t\t<\/div>\n\t\t\t\t\t\t<\/div>\n\t\t\t\t<\/div>\n\t\t\t\t\t<\/div>\n\t\t<\/div>\n\t\t\t\t\t<\/div>\n\t\t<\/section>\n\t\t\t\t<section class=\"elementor-section elementor-top-section elementor-element elementor-element-ae4ee5a elementor-section-boxed elementor-section-height-default elementor-section-height-default\" data-id=\"ae4ee5a\" data-element_type=\"section\">\n\t\t\t\t\t\t<div class=\"elementor-container elementor-column-gap-default\">\n\t\t\t\t\t<div class=\"elementor-column elementor-col-100 elementor-top-column elementor-element elementor-element-c2159cd\" data-id=\"c2159cd\" data-element_type=\"column\">\n\t\t\t<div class=\"elementor-widget-wrap elementor-element-populated\">\n\t\t\t\t\t\t<div class=\"elementor-element elementor-element-38c7b4a elementor-widget elementor-widget-video\" data-id=\"38c7b4a\" data-element_type=\"widget\" data-settings=\"{&quot;video_type&quot;:&quot;hosted&quot;,&quot;controls&quot;:&quot;yes&quot;}\" data-widget_type=\"video.default\">\n\t\t\t\t<div class=\"elementor-widget-container\">\n\t\t\t\t\t\t\t<div class=\"e-hosted-video elementor-wrapper elementor-open-inline\">\n\t\t\t\t\t<video class=\"elementor-video\" src=\"http:\/\/landesbasketball.org\/wp-content\/uploads\/2021\/05\/Camps-arbitres.mp4\" controls=\"\" preload=\"metadata\" controlsList=\"nodownload\"><\/video>\n\t\t\t\t<\/div>\n\t\t\t\t\t\t<\/div>\n\t\t\t\t<\/div>\n\t\t\t\t\t<\/div>\n\t\t<\/div>\n\t\t\t\t\t<\/div>\n\t\t<\/section>\n\t\t\t\t<\/div>\n\t\t","protected":false},"excerpt":{"rendered":"<p>D\u00e9marrez vos vacances estivales par un camp arbitres \u00e0 Vieux-Boucau et profitez d\u2019une formation technique dans un cadre optimal. Pour cette saison 2021, la CDO 40 organise 2 camps au cours du mois de juillet&nbsp;: Le temps d\u2019un WEEK END, du 2 au 4 Juillet (du vendredi 18h au dimanche 17h), les arbitres d\u00e9partementaux et<a class=\"moretag\" href=\"https:\/\/www.landesbasketball.org\/index.php\/camps-dete-arbitres\/\"><span class=\"screen-reader-text\">En savoir plus surCamps d&rsquo;\u00e9t\u00e9 arbitres<\/span>[&#8230;]<\/a><\/p>\n","protected":false},"author":1,"featured_media":0,"parent":0,"menu_order":0,"comment_status":"closed","ping_status":"closed","template":"","meta":{"footnotes":""},"class_list":["post-1392","page","type-page","status-publish","hentry"],"_links":{"self":[{"href":"https:\/\/www.landesbasketball.org\/index.php\/wp-json\/wp\/v2\/pages\/1392","targetHints":{"allow":["GET"]}}],"collection":[{"href":"https:\/\/www.landesbasketball.org\/index.php\/wp-json\/wp\/v2\/pages"}],"about":[{"href":"https:\/\/www.landesbasketball.org\/index.php\/wp-json\/wp\/v2\/types\/page"}],"author":[{"embeddable":true,"href":"https:\/\/www.landesbasketball.org\/index.php\/wp-json\/wp\/v2\/users\/1"}],"replies":[{"embeddable":true,"href":"https:\/\/www.landesbasketball.org\/index.php\/wp-json\/wp\/v2\/comments?post=1392"}],"version-history":[{"count":34,"href":"https:\/\/www.landesbasketball.org\/index.php\/wp-json\/wp\/v2\/pages\/1392\/revisions"}],"predecessor-version":[{"id":1439,"href":"https:\/\/www.landesbasketball.org\/index.php\/wp-json\/wp\/v2\/pages\/1392\/revisions\/1439"}],"wp:attachment":[{"href":"https:\/\/www.landesbasketball.org\/index.php\/wp-json\/wp\/v2\/media?parent=1392"}],"curies":[{"name":"wp","href":"https:\/\/api.w.org\/{rel}","templated":true}]}}