{"id":509,"date":"2019-03-13T15:51:57","date_gmt":"2019-03-13T14:51:57","guid":{"rendered":"http:\/\/bb40.lebasket.net\/?page_id=509"},"modified":"2020-01-29T10:14:00","modified_gmt":"2020-01-29T09:14:00","slug":"entraineurs","status":"publish","type":"page","link":"https:\/\/www.landesbasketball.org\/index.php\/entraineurs\/","title":{"rendered":"Entraineurs"},"content":{"rendered":"<p>\n<!--StartFragment--><\/p>\n\n\n<p>FORMATION INITIATEUR 2019\/2020<\/p>\n\n\n\n<p><strong>Le Comit\u00e9 des Landes propose&nbsp;:<\/strong><\/p>\n\n\n\n<p>La formation Initiateur,\n2<sup>\u00e8me<\/sup> niveau de&nbsp;formation f\u00e9d\u00e9rale.<\/p>\n\n\n\n<p>2 mani\u00e8re de se perfectionner<\/p>\n\n\n\n<p>CONDITIONS : Avoir 16\nans au minimum \u2013 Etre licenci\u00e9 FFBB.<\/p>\n\n\n\n<p>Il faut \u00eatre titulaire\ndu dipl\u00f4me Animateur pour pouvoir rentrer en formation Initiateur.<\/p>\n\n\n\n<p><strong>A NOTER<\/strong> : Pour toutes ces formations, possibilit\u00e9 de remboursement \u00e0 hauteur de 60% par le Conseil D\u00e9partemental. <\/p>\n\n\n\n<p><strong>FORMATION INITIATEUR <\/strong> <strong>\u00ab<\/strong> <strong>WEEK-ENDS \u00bb<\/strong> <\/p>\n\n\n\n<p>5\njourn\u00e9es de formation et une d\u2019examen. 120 euros<\/p>\n\n\n\n<p>Sur 4 journ\u00e9es (samedi ou dimanche) au CEBB \u00e0 Mont de Marsan et une journ\u00e9e pratique \u00e0 Magescq.&nbsp; <\/p>\n\n\n\n<p><strong>FORMATION INITIATEUR \u00ab VACANCES \u00bb&nbsp;&nbsp;&nbsp;&nbsp;&nbsp;&nbsp;&nbsp;&nbsp;&nbsp;&nbsp;&nbsp;&nbsp; <\/strong><\/p>\n\n\n\n<p>Pendant 3 jours (possibilit\u00e9 d\u2019internat) au CEBB \u00e0 Mont de Marsan + une\njourn\u00e9e pratique \u00e0 Magescq. 150 euros<\/p>\n\n\n\n<p>Profitez d\u2019un camp de joueurs que vous vivrez de l\u2019int\u00e9rieur en suivant\nvotre formation et en participant aux entrainements du camp. <\/p>\n\n\n\n<p><em>Attention&nbsp;: nombre de places limit\u00e9<\/em><\/p>\n\n\n\n<p><strong>Formation Initiateur sur la 2<sup>\u00e8me<\/sup>\npartie de saison&nbsp;:<\/strong><\/p>\n\n\n\n<p><strong>FORMULE \u00abWEEK-ENDS \u00bb<\/strong><\/p>\n\n\n\n<p><strong>Samedi 22 F\u00e9vrier \u00e0 Mont de Marsan<\/strong><\/p>\n\n\n\n<p><strong>Samedi 29 F\u00e9vrier \u00e0 Magescq<\/strong><\/p>\n\n\n\n<p><strong>Samedi 7 Mars \u00e0 Mont de Marsan<\/strong><\/p>\n\n\n\n<p><strong>Dimanche 5 Avril \u00e0 Mont de MaranSamedi 18 Avril \u00e0 Mont de Marsan&nbsp;&nbsp; <\/strong><\/p>\n\n\n\n<p><strong>FORMULE CAMPS<\/strong><\/p>\n\n\n\n<p><strong>Samedi 25 Avril \u00e0\nMagescq<\/strong><\/p>\n\n\n\n<p><strong>Lundi 27 Avril \u00e0 Mont\nde Marsan<\/strong><\/p>\n\n\n\n<p><strong>Mardi 28 avril \u00e0 Mont\nde Marsan<\/strong><\/p>\n\n\n\n<p><strong>Mercredi 29 Avril \u00e0\nMont de Marsan<\/strong><\/p>\n\n\n\n<p><strong>JOURNEE D\u2019EXAMEN&nbsp;: SAMEDI 2 MAI A MONT DE MARSAN<\/strong><\/p>\n\n\n<p><!--EndFragment--><\/p>\n<p>\u00a0<\/p>\n\n\n<figure class=\"wp-block-image\"><img fetchpriority=\"high\" decoding=\"async\" width=\"575\" height=\"483\" src=\"http:\/\/landesbasketball.org\/wp-content\/uploads\/2020\/01\/Sans-titre-2.png\" alt=\"\" class=\"wp-image-990\" srcset=\"https:\/\/www.landesbasketball.org\/wp-content\/uploads\/2020\/01\/Sans-titre-2.png 575w, https:\/\/www.landesbasketball.org\/wp-content\/uploads\/2020\/01\/Sans-titre-2-300x252.png 300w\" sizes=\"(max-width: 575px) 100vw, 575px\" \/><\/figure>\n","protected":false},"excerpt":{"rendered":"<p>FORMATION INITIATEUR 2019\/2020 Le Comit\u00e9 des Landes propose&nbsp;: La formation Initiateur, 2\u00e8me niveau de&nbsp;formation f\u00e9d\u00e9rale. 2 mani\u00e8re de se perfectionner CONDITIONS : Avoir 16 ans au minimum \u2013 Etre licenci\u00e9 FFBB. Il faut \u00eatre titulaire du dipl\u00f4me Animateur pour pouvoir rentrer en formation Initiateur. A NOTER : Pour toutes ces formations, possibilit\u00e9 de remboursement \u00e0<a class=\"moretag\" href=\"https:\/\/www.landesbasketball.org\/index.php\/entraineurs\/\"><span class=\"screen-reader-text\">En savoir plus surEntraineurs<\/span>[&#8230;]<\/a><\/p>\n","protected":false},"author":3,"featured_media":0,"parent":0,"menu_order":0,"comment_status":"closed","ping_status":"closed","template":"","meta":{"footnotes":""},"class_list":["post-509","page","type-page","status-publish","hentry"],"_links":{"self":[{"href":"https:\/\/www.landesbasketball.org\/index.php\/wp-json\/wp\/v2\/pages\/509","targetHints":{"allow":["GET"]}}],"collection":[{"href":"https:\/\/www.landesbasketball.org\/index.php\/wp-json\/wp\/v2\/pages"}],"about":[{"href":"https:\/\/www.landesbasketball.org\/index.php\/wp-json\/wp\/v2\/types\/page"}],"author":[{"embeddable":true,"href":"https:\/\/www.landesbasketball.org\/index.php\/wp-json\/wp\/v2\/users\/3"}],"replies":[{"embeddable":true,"href":"https:\/\/www.landesbasketball.org\/index.php\/wp-json\/wp\/v2\/comments?post=509"}],"version-history":[{"count":3,"href":"https:\/\/www.landesbasketball.org\/index.php\/wp-json\/wp\/v2\/pages\/509\/revisions"}],"predecessor-version":[{"id":991,"href":"https:\/\/www.landesbasketball.org\/index.php\/wp-json\/wp\/v2\/pages\/509\/revisions\/991"}],"wp:attachment":[{"href":"https:\/\/www.landesbasketball.org\/index.php\/wp-json\/wp\/v2\/media?parent=509"}],"curies":[{"name":"wp","href":"https:\/\/api.w.org\/{rel}","templated":true}]}}