{"id":519,"date":"2019-03-13T15:53:14","date_gmt":"2019-03-13T14:53:14","guid":{"rendered":"http:\/\/bb40.lebasket.net\/?page_id=519"},"modified":"2026-02-03T18:16:27","modified_gmt":"2026-02-03T17:16:27","slug":"documents-reglements","status":"publish","type":"page","link":"https:\/\/www.landesbasketball.org\/index.php\/documents-reglements\/","title":{"rendered":"DOCUMENTS \/ R\u00c8GLEMENTS"},"content":{"rendered":"\t\t<div data-elementor-type=\"wp-page\" data-elementor-id=\"519\" class=\"elementor elementor-519\">\n\t\t\t\t\t\t<section class=\"elementor-section elementor-top-section elementor-element elementor-element-62c4f47e elementor-section-boxed elementor-section-height-default elementor-section-height-default\" data-id=\"62c4f47e\" data-element_type=\"section\">\n\t\t\t\t\t\t<div class=\"elementor-container elementor-column-gap-default\">\n\t\t\t\t\t<div class=\"elementor-column elementor-col-100 elementor-top-column elementor-element elementor-element-2b0c1292\" data-id=\"2b0c1292\" data-element_type=\"column\">\n\t\t\t<div class=\"elementor-widget-wrap elementor-element-populated\">\n\t\t\t\t\t\t<div class=\"elementor-element elementor-element-2c09d86b elementor-widget__width-initial elementor-widget elementor-widget-text-editor\" data-id=\"2c09d86b\" data-element_type=\"widget\" data-widget_type=\"text-editor.default\">\n\t\t\t\t<div class=\"elementor-widget-container\">\n\t\t\t\t\t\t\t\t\t<h2>REGLEMENT JEUNES 2025\/2026<\/h2>\n<p><img fetchpriority=\"high\" decoding=\"async\" src=\"https:\/\/www.landesbasketball.org\/wp-content\/uploads\/2024\/11\/REGLEMENT-JEUNES.jpg\" alt=\"REGLEMENT JEUNES 2024\/2025\" width=\"1920\" height=\"1080\"><\/p>\n<h1><a href=\"https:\/\/www.landesbasketball.org\/wp-content\/uploads\/2025\/09\/Reglements-generaux-jeunes.pdf\">R\u00e8glements g\u00e9n\u00e9raux jeunes 2025\/2026<\/a><\/h1>\n<h1><a style=\"transition-property: all;\" href=\"https:\/\/www.landesbasketball.org\/wp-content\/uploads\/2025\/09\/Deroule-championnat-pre-ligue-jeunes.pdf\">R\u00e8glement championnat pr\u00e9-ligue jeunes 2025\/2026<\/a><\/h1>\n<h1><a href=\"\/UserFiles\/Site\/File\/types licences.pdf\">Type de Licences<\/a><\/h1>\n<h1><a href=\"\/UserFiles\/Site\/File\/demande_extension_t__0.pdf\"><span style=\"font-family: Cabin, 'Helvetica Neue', sans-serif; font-size: 30px;\">Demande extension T 0<\/span><\/a><\/h1>\n<h1><a href=\"\/UserFiles\/Site\/File\/demande_extension_t__0.pdf\">Demande d&rsquo;obtention d&rsquo;un socle de licence T O<\/a><\/h1>\n<h1><a href=\"\/UserFiles\/Site\/File\/demande_de_licence_joueur_precedemment_licencie_a_letranger_4.pdf\">Demande de licence joueur pr\u00e9c\u00e9demment licenci\u00e9 \u00e0 l&rsquo;\u00e9tranger<\/a><\/h1>\n<h1><a href=\"\/UserFiles\/Site\/File\/demande_dautorisation_secondaire_territoire_ast_3.pdf\">Demande d&rsquo;autorisation secondaire territoire<\/a><\/h1>\n<h1><a href=\"\/UserFiles\/Site\/File\/charte_dengagements_2.pdf\">Charte d&rsquo;engagement<\/a><\/h1>\n<h2><a href=\"\/UserFiles\/Site\/File\/2023-2024_surclassement_-_vfin.pdf\">Sur-classement<\/a><\/h2>\n<h2><a href=\"\/UserFiles\/Site\/File\/2023-2024_cm_-_vfin.pdf\">Certificat m\u00e9dical<\/a><\/h2>\n<h2><a href=\"\/UserFiles\/Site\/File\/2023-06-20-NOTE-LR-CD-CLUBS-6 DAJI - Proc\u00e9dures Qualification VFIN.pdf\">Rappel r\u00e9glementaire<\/a><\/h2>\n<div>\n<h2>\n<div style=\"box-sizing: border-box; color: rgb(122, 122, 122); font-family: Roboto, sans-serif; font-size: 16px; font-style: normal; font-variant-ligatures: normal; font-variant-caps: normal; font-weight: 400; letter-spacing: normal; orphans: 2; text-align: left; text-indent: 0px; text-transform: none; widows: 2; word-spacing: 0px; -webkit-text-stroke-width: 0px; white-space: normal; background-color: rgb(255, 255, 255); text-decoration-thickness: initial; text-decoration-style: initial; text-decoration-color: initial;\"><\/div>\n<\/h2>\n<h2 style=\"box-sizing: border-box; font-family: Cabin, &quot;Helvetica Neue&quot;, sans-serif; font-weight: 400; line-height: 34px; color: rgb(0, 0, 0); margin-top: 35px; margin-bottom: 20px; overflow-wrap: break-word; font-style: normal; font-variant-ligatures: normal; font-variant-caps: normal; letter-spacing: normal; orphans: 2; text-align: left; text-indent: 0px; text-transform: none; widows: 2; word-spacing: 0px; -webkit-text-stroke-width: 0px; white-space: normal; background-color: rgb(255, 255, 255); text-decoration-thickness: initial; text-decoration-style: initial; text-decoration-color: initial;\"><a href=\"https:\/\/www.ffbb.com\/integrite-du-basket#paris-sportifs-integrite\" target=\"_blank\">Paris sportifs<\/a><\/h2>\n<\/div>\t\t\t\t\t\t\t\t<\/div>\n\t\t\t\t<\/div>\n\t\t\t\t\t<\/div>\n\t\t<\/div>\n\t\t\t\t\t<\/div>\n\t\t<\/section>\n\t\t\t\t<\/div>\n\t\t","protected":false},"excerpt":{"rendered":"<p>REGLEMENT JEUNES 2025\/2026 R\u00e8glements g\u00e9n\u00e9raux jeunes 2025\/2026 R\u00e8glement championnat pr\u00e9-ligue jeunes 2025\/2026 Type de Licences Demande extension T 0 Demande d&rsquo;obtention d&rsquo;un socle de licence T O Demande de licence joueur pr\u00e9c\u00e9demment licenci\u00e9 \u00e0 l&rsquo;\u00e9tranger Demande d&rsquo;autorisation secondaire territoire Charte d&rsquo;engagement Sur-classement Certificat m\u00e9dical Rappel r\u00e9glementaire Paris sportifs<\/p>\n","protected":false},"author":3,"featured_media":0,"parent":0,"menu_order":0,"comment_status":"closed","ping_status":"closed","template":"","meta":{"footnotes":""},"class_list":["post-519","page","type-page","status-publish","hentry"],"_links":{"self":[{"href":"https:\/\/www.landesbasketball.org\/index.php\/wp-json\/wp\/v2\/pages\/519","targetHints":{"allow":["GET"]}}],"collection":[{"href":"https:\/\/www.landesbasketball.org\/index.php\/wp-json\/wp\/v2\/pages"}],"about":[{"href":"https:\/\/www.landesbasketball.org\/index.php\/wp-json\/wp\/v2\/types\/page"}],"author":[{"embeddable":true,"href":"https:\/\/www.landesbasketball.org\/index.php\/wp-json\/wp\/v2\/users\/3"}],"replies":[{"embeddable":true,"href":"https:\/\/www.landesbasketball.org\/index.php\/wp-json\/wp\/v2\/comments?post=519"}],"version-history":[{"count":97,"href":"https:\/\/www.landesbasketball.org\/index.php\/wp-json\/wp\/v2\/pages\/519\/revisions"}],"predecessor-version":[{"id":5011,"href":"https:\/\/www.landesbasketball.org\/index.php\/wp-json\/wp\/v2\/pages\/519\/revisions\/5011"}],"wp:attachment":[{"href":"https:\/\/www.landesbasketball.org\/index.php\/wp-json\/wp\/v2\/media?parent=519"}],"curies":[{"name":"wp","href":"https:\/\/api.w.org\/{rel}","templated":true}]}}