{"id":525,"date":"2019-03-13T15:54:06","date_gmt":"2019-03-13T14:54:06","guid":{"rendered":"http:\/\/bb40.lebasket.net\/?page_id=525"},"modified":"2022-08-22T19:38:58","modified_gmt":"2022-08-22T17:38:58","slug":"divers-imprimes","status":"publish","type":"page","link":"https:\/\/www.landesbasketball.org\/index.php\/divers-imprimes\/","title":{"rendered":"Divers Imprim\u00e9s"},"content":{"rendered":"\n<h2 class=\"wp-block-heading\">IMPRIME DEMANDE DE LICENCE 2021\/2022<\/h2>\n\n\n\n<p><a href=\"http:\/\/www.ffbb.com\/sites\/default\/files\/demande_de_licence_2022-2023_0.pdf?klmo\" data-type=\"URL\" data-id=\"http:\/\/www.ffbb.com\/sites\/default\/files\/demande_de_licence_2022-2023_0.pdf?klmo\" target=\"_blank\" rel=\"noreferrer noopener\">IMPRIME VIERGE DE DEMANDE DE LICENCE<\/a><\/p>\n\n\n\n<p><a href=\"https:\/\/www.basket40.com\/UserFiles\/Site\/File\/documents\/SAISON%202020%202021\/2020_05_28__qc19___vf___2_0.pdf\">QUESTIONNAIRE MEDICAL COVID 19<\/a><\/p>\n\n\n\n<p><a href=\"https:\/\/www.basket40.com\/UserFiles\/Site\/File\/administratif\/IMPRIMES%20DIVERS\/2020_05_28_cm_et_surclassement___qc19___vf___2_0_1.pdf\">CERTIFICAT MEDICAL + QUESTIONNAIRE<\/a><\/p>\n\n\n\n<p><a href=\"https:\/\/www.basket40.com\/UserFiles\/Site\/File\/documents\/SAISON%202020%202021\/demande_extension_t___vfin_0.pdf\">DEMANDE  D&rsquo;EXTENSION T<\/a><\/p>\n\n\n\n<p><a href=\"http:\/\/www.ffbb.com\/sites\/default\/files\/demande_d_autorisation_secondaire_performance_asp.pdf?lk\" data-type=\"URL\" data-id=\"http:\/\/www.ffbb.com\/sites\/default\/files\/demande_d_autorisation_secondaire_performance_asp.pdf?lk\">DEMANDE DE LICENCE ASP<\/a><\/p>\n\n\n\n<p><a href=\"http:\/\/www.ffbb.com\/sites\/default\/files\/demande_d_obtention_d_un_socle_de_licence_type_0_apres_2ans_d_extension_t.pdf?kjk\" data-type=\"URL\" data-id=\"http:\/\/www.ffbb.com\/sites\/default\/files\/demande_d_obtention_d_un_socle_de_licence_type_0_apres_2ans_d_extension_t.pdf?kjk\">DEMANDE DE LICENCE APRES DEUX ANS DE LICENCE T<\/a><\/p>\n\n\n\n<p><a href=\"http:\/\/www.ffbb.com\/sites\/default\/files\/demande_de_licence_joueur_precedemment_licencie_a_l_etranger.pdf?kolmp\" data-type=\"URL\" data-id=\"http:\/\/www.ffbb.com\/sites\/default\/files\/demande_de_licence_joueur_precedemment_licencie_a_l_etranger.pdf?kolmp\">DEMANDE DE LICENCE DE JOUEUR PRECEDEMMENT LICENCIE A L ETRANGER<\/a><\/p>\n\n\n\n<p><a href=\"https:\/\/www.basket40.com\/UserFiles\/Site\/File\/documents\/SAISON%202020%202021\/demande_de_lettre_de_sortie_5.pdf\">DEMANDE DE LETTRE DE SORTIE<\/a><\/p>\n\n\n\n<p><a href=\"http:\/\/www.ffbb.com\/sites\/default\/files\/demande_de_mutation.pdf?df\" data-type=\"URL\" data-id=\"http:\/\/www.ffbb.com\/sites\/default\/files\/demande_de_mutation.pdf?df\">DEMANDE DE MUTATION (cas particulier)<\/a><\/p>\n\n\n\n<p><a href=\"http:\/\/www.ffbb.com\/sites\/default\/files\/demande_de_licence_contact_basket_2021-2022.pdf?lkop\" data-type=\"URL\" data-id=\"http:\/\/www.ffbb.com\/sites\/default\/files\/demande_de_licence_contact_basket_2021-2022.pdf?lkop\">demande_de_licence_contact_micro_basket_<\/a><\/p>\n\n\n\n<p><a href=\"http:\/\/www.ffbb.com\/sites\/default\/files\/2014-03-05_4_demarche_clubs_entente_demande_homologation_vfin_2.pdf\" data-type=\"URL\" data-id=\"http:\/\/www.ffbb.com\/sites\/default\/files\/2014-03-05_4_demarche_clubs_entente_demande_homologation_vfin_2.pdf\">IMPRIME DE DEMANDE D&rsquo;ENTENTE<\/a><\/p>\n\n\n\n<p><a href=\"http:\/\/www.ffbb.com\/sites\/default\/files\/declaration_accident_basket.pdf\" target=\"_blank\" rel=\"noreferrer noopener\">D\u00e9claration d&rsquo;accident<\/a><\/p>\n\n\n\n<p><\/p>\n\n\n\n<h2 class=\"wp-block-heading\">IMPRIMES DEMANDES DE SURCLASSEMENT 2021-2022<\/h2>\n\n\n\n<p>IMPRIME de surclassement d\u00e9partemental, r\u00e9gional et national&nbsp; ,&nbsp;&nbsp;<a href=\"http:\/\/www.ffbb.com\/sites\/default\/files\/2021-06-15_5-comed_certificat_d_aptitude_au_surclassement_a_photocopier_en_blanc_vf_0.pdf?kjol\" data-type=\"URL\" data-id=\"http:\/\/www.ffbb.com\/sites\/default\/files\/2021-06-15_5-comed_certificat_d_aptitude_au_surclassement_a_photocopier_en_blanc_vf_0.pdf?kjol\">document \u00e0 imprimer&nbsp;<strong>sur papier couleur BLANC<\/strong><\/a>&nbsp;&#8211;&nbsp;<strong>A produire lorsque vous devez aller chez le MEDECIN AGREE<\/strong><\/p>\n\n\n\n<p>IMPRIME de surclassement exceptionnel ,&nbsp;&nbsp;<a href=\"http:\/\/www.ffbb.com\/sites\/default\/files\/2021-06-15_5-comed_certificat_d_aptitude_au_surclassement_exceptionnel_a_photocopier_en_jaune_-_vf.pdf?ghy\" data-type=\"URL\" data-id=\"http:\/\/www.ffbb.com\/sites\/default\/files\/2021-06-15_5-comed_certificat_d_aptitude_au_surclassement_exceptionnel_a_photocopier_en_jaune_-_vf.pdf?ghy\">document \u00e0 imprimer&nbsp;<strong>sur papier couleur JAUNE<\/strong><\/a>&nbsp;&#8211; A produire lorsque vous devez aller chez le m\u00e9decin f\u00e9d\u00e9ral + DTN<\/p>\n\n\n\n<h2 class=\"wp-block-heading\"><strong>SURCLASSEMENTS PAR CATEGORIE \u2013 2021\/2022 5X5 et 3X3<\/strong><\/h2>\n\n\n\n<figure class=\"wp-block-table\"><table><tbody><tr><td><strong>CATEGORIE <\/strong><\/td><td><\/td><td><strong>COMPETITION DEPARTEMENTALE<\/strong><\/td><td><strong>COMPETITION REGIONALE<\/strong><\/td><td><strong>COMPETITION NATIONALE<\/strong><\/td><\/tr><tr><td><strong>U20<\/strong>-2002<\/td><td>OUI<\/td><td>AUTOMATIQUE<\/td><td>AUTOMATIQUE<\/td><td>AUTOMATIQUE<\/td><\/tr><tr><td><strong>U19<\/strong>-2003<\/td><td>OUI<\/td><td>AUTOMATIQUE<\/td><td>AUTOMATIQUE<\/td><td>AUTOMATIQUE<\/td><\/tr><tr><td><strong>U18<\/strong>-2004<\/td><td>OUI<\/td><td>Vers Senior : M\u00e9decin de famille<br>Pour le 3&#215;3 vers U23et\/ou Senior : M\u00e9decin de famille<\/td><td>Vers Senior : M\u00e9decin de famille<br>Pour le 3&#215;3 vers U23et\/ou Senior :M\u00e9decin de famille<\/td><td>Vers Senior : M\u00e9decin de famille<br>Pour le 3&#215;3 vers U23et\/ou Senior :M\u00e9decin de famille<\/td><\/tr><tr><td><strong>U17<\/strong>-2005<\/td><td>OUI<\/td><td>Vers U20&nbsp;: M\u00e9decin de famille<br>Vers Senior&nbsp;: M\u00e9decin de famille<\/td><td>Vers U20&nbsp;: M\u00e9decin de famille<br>Vers Senior&nbsp;: M\u00e9decin agr\u00e9\u00e9<\/td><td>Vers U20&nbsp;: M\u00e9decin de familleVers Senior&nbsp;: M\u00e9decin agr\u00e9\u00e9<\/td><\/tr><tr><td><strong>U16<\/strong>-2006 Masculin<\/td><td>OUI<\/td><td>Vers U20&nbsp;: M\u00e9decin de familleVers Senior&nbsp;: Impossible<\/td><td>Vers U20&nbsp;: M\u00e9decin de familleVers Senior&nbsp;: Impossible<\/td><td>Vers U20&nbsp;: M\u00e9decin de famille<br>Vers Senior&nbsp;: M\u00e9decin f\u00e9d\u00e9ral + avis DTN<\/td><\/tr><tr><td><strong>U16<\/strong>-2006 F\u00e9minin<\/td><td>OUI<\/td><td>Vers U20&nbsp;: M\u00e9decin de famille<br>Vers Senior&nbsp;: M\u00e9decin agr\u00e9\u00e9<\/td><td>Vers U20&nbsp;: M\u00e9decin de famille<br>Vers Senior&nbsp;: M\u00e9decin agr\u00e9\u00e9<\/td><td>Vers U20&nbsp;: M\u00e9decin de famille<br>Vers Senior&nbsp;: M\u00e9decin R\u00e9gional<\/td><\/tr><tr><td><strong>U15<\/strong>-2007 Masculin<\/td><td>OUI<\/td><td><strong><u>Vers U17<\/u><\/strong> 5X5&nbsp;: M\u00e9decin de famille<br><strong>Vers U18<\/strong> 3X3&nbsp;: M\u00e9decin de famille<\/td><td><strong><u>Vers U17<\/u><\/strong> 5X5&nbsp;: M\u00e9decin agr\u00e9\u00e9<br><strong><strong>Vers U18<\/strong><\/strong> 3X3&nbsp;: M\u00e9decin de famille<\/td><td><strong><u>Vers U18<\/u><\/strong>&nbsp;: M\u00e9decin f\u00e9d\u00e9ral+ avis DTN<\/td><\/tr><tr><td><strong>U15<\/strong>-2007 F\u00e9minin<\/td><td>OUI<\/td><td>Vers U18 \u00e0 U20 5X5&nbsp;: M\u00e9decin de famille<br>Pour le 3&#215;3 Vers U18&nbsp;: M\u00e9decin de famille<\/td><td>Vers U18 \u00e0 U20 5X5&nbsp;: M\u00e9decin agr\u00e9\u00e9<br>Pour le 3&#215;3 Vers U18 : M\u00e9decin de famille<\/td><td>Vers U18 \u00e0 U20&nbsp;: M\u00e9decin agr\u00e9\u00e9<br>Vers Senior&nbsp;: M\u00e9decin f\u00e9d\u00e9ral + avis DTN<\/td><\/tr><tr><td><strong>U14<\/strong>-2008 Masculin<\/td><td>OUI<\/td><td><strong><u>Vers U17<\/u><\/strong>&nbsp;: M\u00e9decin agr\u00e9\u00e9<\/td><td><strong><u>Vers U17<\/u><\/strong>&nbsp;: M\u00e9decin agr\u00e9\u00e9<\/td><td><strong><u>Vers U17 ET U18<\/u><\/strong>&nbsp;: M\u00e9decin f\u00e9d\u00e9ral+ avis DTN<\/td><\/tr><tr><td><strong>U14<\/strong>-2008 F\u00e9minin<\/td><td>OUI<\/td><td><strong><u>Vers U18<\/u><\/strong>&nbsp;: M\u00e9decin de famille<\/td><td><strong><u>Vers U18<\/u><\/strong>&nbsp;: M\u00e9decin agr\u00e9\u00e9<\/td><td><strong><u>Vers U18<\/u><\/strong>&nbsp;: M\u00e9decin f\u00e9d\u00e9ral+ avis DTN<\/td><\/tr><tr><td><strong>U13<\/strong>-2009<\/td><td>OUI<\/td><td><strong><u>Vers U15<\/u><\/strong>&nbsp;: M\u00e9decin de famille<\/td><td><strong><u>Vers U15<\/u><\/strong>&nbsp;: M\u00e9decin agr\u00e9\u00e9<\/td><td><strong><u>Vers U15<\/u><\/strong>&nbsp;: M\u00e9decin f\u00e9d\u00e9ral+ avis DTN<\/td><\/tr><tr><td><strong>U12<\/strong>-2010<\/td><td>OUI<\/td><td><strong><u>Vers U15<\/u><\/strong>&nbsp;: M\u00e9decin de famille<\/td><td><strong><u>Vers U15<\/u><\/strong>&nbsp;: M\u00e9decin agr\u00e9\u00e9<\/td><td><strong>Impossible<\/strong><\/td><\/tr><tr><td><strong>U11<\/strong>-2011<\/td><td>OUI<\/td><td><strong><u>Vers U13<\/u><\/strong>&nbsp;: M\u00e9decin de famille<\/td><td><strong><u>Vers U13<\/u><\/strong>: M\u00e9decin agr\u00e9\u00e9<\/td><td><strong>Impossible<\/strong><\/td><\/tr><tr><td><strong>U10<\/strong>-2012<\/td><td>NON<\/td><td><strong>Impossible<\/strong><\/td><td><strong>Impossible<\/strong><\/td><td><strong>Impossible<\/strong><\/td><\/tr><tr><td><strong>U9<\/strong>-2013<\/td><td>OUI<\/td><td><strong><u>Vers U11<\/u><\/strong>&nbsp;: M\u00e9decin de famille<\/td><td><strong>Impossible<\/strong><\/td><td><strong>Impossible<\/strong><\/td><\/tr><tr><td><strong>U8<\/strong>-2014<\/td><td>NON<\/td><td><strong>Impossible<\/strong><\/td><td><strong>Impossible<\/strong><\/td><td><strong>Impossible<\/strong><\/td><\/tr><tr><td><strong>U7<\/strong>-2015<\/td><td>OUI<\/td><td><strong><u>Vers U9<\/u><\/strong>&nbsp;: Possible par m\u00e9decin de famille<\/td><td><strong>Impossible<\/strong><\/td><td><strong>Impossible<\/strong><\/td><\/tr><\/tbody><\/table><\/figure>\n\n\n\n<h2 class=\"wp-block-heading\">LISTING MEDECIN AGREE<\/h2>\n\n\n\n<figure class=\"wp-block-table\"><table><tbody><tr><td><strong>MEDECIN AGREE REGIONAL LIQUE NAQ<\/strong><\/td><\/tr><tr><td><strong>&nbsp;<\/strong><\/td><td><strong>Commission M\u00e9dicale Ligue Basket Ball Nouvelle Aquitaine \u2013 <\/strong><strong><\/strong> <strong>Maison des Sports de GA\u00cfA<\/strong><strong><\/strong> <strong>142 Av Emile Labussi\u00e8re<\/strong><strong><\/strong><\/td><td><strong>87000<\/strong><strong><\/strong><\/td><td class=\"has-text-align-center\" data-align=\"center\"><strong>LIMOGES<\/strong><strong><\/strong><\/td><td><strong>&nbsp;<\/strong><\/td><\/tr><tr><td><strong>MEDECIN CHEF DEPARTEMENTAL DES LANDES<\/strong><strong><\/strong><\/td><\/tr><tr><td>03328<\/td><td>Docteur PETUYA Serge<\/td><td>21 Rue Carnot<\/td><td class=\"has-text-align-center\" data-align=\"center\">40800<\/td><td>AIRE SUR ADOUR<\/td><td>05 58 71 61 30<\/td><\/tr><tr><td><strong>MEDECINS AGREES DANS LES LANDES<\/strong><strong><\/strong><\/td><\/tr><tr><td>031339<\/td><td>Dr BOURGUIGNON C\u00e9cile<\/td><td>200 Rue Pasteur<\/td><td class=\"has-text-align-center\" data-align=\"center\">40600<\/td><td>BISCARROSSE<\/td><td>05 58 78 98 58<\/td><\/tr><tr><td>031565<\/td><td>Docteur DUCAMP Philippe<\/td><td>Centre de r\u00e9\u00e9ducation de Salies de B\u00e9arn \u2013 3 Bd Saint Guily<\/td><td class=\"has-text-align-center\" data-align=\"center\">64270<\/td><td>SALIES DE BEARN<\/td><td>05 59 38 75 00<\/td><\/tr><tr><td>031751<\/td><td>Docteur JABBARRI Talal<\/td><td>5 Bis Route de Tercis<\/td><td class=\"has-text-align-center\" data-align=\"center\">40100<\/td><td>DAX<\/td><td>05 58 74 13 74<\/td><\/tr><tr><td>031407<\/td><td>Docteur LALANNE Matthieu<\/td><td>124 Av de la Digue<\/td><td class=\"has-text-align-center\" data-align=\"center\">40330<\/td><td>AMOU<\/td><td>05 58 89 00 65<\/td><\/tr><tr><td>031723<\/td><td>Docteur MOLDOVAN Nicolas<\/td><td>Centre Hospitalier Service de Cardiologie \u2013 Av Pierre de Coubertin<\/td><td class=\"has-text-align-center\" data-align=\"center\">40000<\/td><td>MONT DE MARSAN<\/td><td>05 58 05 11 56<\/td><\/tr><tr><td>031401<\/td><td>Docteur SIMON Didier<\/td><td>1180 Av du Houga<\/td><td class=\"has-text-align-center\" data-align=\"center\">40000<\/td><td>MONT DE MARSAN<\/td><td>05 58 46 33 33<\/td><\/tr><tr><td><strong>MEDECINS AGREES EN GIRONDE<\/strong><\/td><\/tr><tr><td>031587<\/td><td>Dr JAADOUNI Sofian<\/td><td>143-153 Rue de Tondu<\/td><td class=\"has-text-align-center\" data-align=\"center\">33000<\/td><td>BORDEAUX<\/td><td>05 57 81 23 51<\/td><\/tr><tr><td>NAQ1835<\/td><td>Dr OWONA Joseph Wlamdimir<\/td><td>SOS M\u00e9decins \u2013 19 Av Georges Cl\u00e9menceau<\/td><td class=\"has-text-align-center\" data-align=\"center\">33150<\/td><td>CENON<\/td><td>05 56 44 74 74<\/td><\/tr><tr><td>031770<\/td><td>Dr GIBERT Margaux<\/td><td>Cabinet M\u00e9dical de Mandavit \u2013 45 Rte de Leognan<\/td><td class=\"has-text-align-center\" data-align=\"center\">33170<\/td><td>GRADIGNAN<\/td><td>05 56 33 28 75<\/td><\/tr><tr><td>031582<\/td><td>Dr VOLANTE J\u00e9r\u00e8my<\/td><td>45D Rte de L\u00e9ognan<\/td><td class=\"has-text-align-center\" data-align=\"center\">33170<\/td><td>GRADIGNAN<\/td><td>05 56 33 28 75<\/td><\/tr><tr><td>031783<\/td><td>Dr TOURDIAS Damien<\/td><td>Centre Hospitalier Sud Gironde \u2013 Rue Paul Langevin<\/td><td class=\"has-text-align-center\" data-align=\"center\">33210<\/td><td>LANGON<\/td><td>05 56 76 57 93<\/td><\/tr><tr><td>031594<\/td><td>Dr CHEVALIER Jean Michel<\/td><td>Clinique Avicienne<\/td><td class=\"has-text-align-center\" data-align=\"center\">33500<\/td><td>LIBOURNE<\/td><td>05 58 80 83 00<\/td><\/tr><tr><td>031501<\/td><td>Dr JAUZION Florent<\/td><td>41 Av Gallieni<\/td><td class=\"has-text-align-center\" data-align=\"center\">33500<\/td><td>LIBOURNE<\/td><td>05 57 51 54 59<\/td><\/tr><tr><td>030888<\/td><td>Dr COUVIN Patrick<\/td><td>9 Rue du 11 Novembre<\/td><td class=\"has-text-align-center\" data-align=\"center\">33560<\/td><td>CARBON BLANC<\/td><td>05 56 06 96 78<\/td><\/tr><tr><td>031593<\/td><td>Dr DOUARD Herv\u00e9<\/td><td>H\u00f4pital Cardiologie Haut L\u00e9v\u00eaque &nbsp;<\/td><td class=\"has-text-align-center\" data-align=\"center\">33604<\/td><td>PESSAC<\/td><td>05 57 65 65 43<\/td><\/tr><tr><td>031651<\/td><td>Dr LAFFOND Josselin<\/td><\/tr><tr><td>031237<\/td><td>Dr HALLER Marie Th\u00e9r\u00e8se<\/td><td>4 Av Charles de Gaulle<\/td><td class=\"has-text-align-center\" data-align=\"center\">33650<\/td><td>MARTILLAC<\/td><td>05 56 72 75 23<\/td><\/tr><tr><td>031711<\/td><td>Dr DESCAMPS Julien<\/td><td>Centre de consultation de la clinique du sport de Bordeaux M\u00e9rignac2 \u2013 Rue Georges Negrevergne<\/td><td class=\"has-text-align-center\" data-align=\"center\">33700<\/td><td>MERIGNAC<\/td><td>05 56 12 14 59<\/td><\/tr><tr><td>031577<\/td><td>Dr LABANERE Claude<\/td><\/tr><tr><td>031710<\/td><td>Dr LUCERO Audrey<\/td><\/tr><tr><td>031712<\/td><td>Dr RACINE Jos\u00e9 Manuel<\/td><\/tr><tr><td>031762<\/td><td>Dr THORIBE Bertrand<\/td><\/tr><tr><td><strong>MEDECINS AGREES DU LOT ET GARONNE<\/strong><\/td><\/tr><tr><td>031486<\/td><td>Dr LEBLEIS Pascal<\/td><td>Centre Hospitalier d\u2019Agen \u2013 Rte de Villeneuve<\/td><td class=\"has-text-align-center\" data-align=\"center\">47000<\/td><td>AGEN<\/td><td>05 53 69 70 93<\/td><\/tr><tr><td>031753<\/td><td>Dr SEVERAC Pascal<\/td><td>7 Place des Droits de l\u2019Homme<\/td><td class=\"has-text-align-center\" data-align=\"center\">47000<\/td><td>AGEN<\/td><td>05 53 66 82 90<\/td><\/tr><tr><td>03 0915<\/td><td>Dr BRIGNOL Thierry<\/td><td>Centre M\u00e9dical de l\u2019Enclos Av de Bordeaux<\/td><td class=\"has-text-align-center\" data-align=\"center\">47110<\/td><td>SAINT LIVRADE<\/td><td>05 53 01 04 90<\/td><\/tr><tr><td>031348<\/td><td>Dr RUBIO Laurent<\/td><td>3 All\u00e9es Vigier<\/td><td class=\"has-text-align-center\" data-align=\"center\">47170<\/td><td>MEZIN<\/td><td>05 53 65 86 75<\/td><\/tr><tr><td>031227<\/td><td>Dr DADJO Mo\u00efse<\/td><td>Le Bourg<\/td><td class=\"has-text-align-center\" data-align=\"center\">47200<\/td><td>BEAUPUY<\/td><td>05 53 20 16 32<\/td><\/tr><tr><td>030451<\/td><td>Dr PORRO Jean Louis<\/td><td>Les All\u00e9es de Gontrand de Nogaret<\/td><td class=\"has-text-align-center\" data-align=\"center\">47400<\/td><td>TONNEINS<\/td><td>05 53 76 06 96<\/td><\/tr><tr><td><strong>MEDECINS AGREES DES PYRENEES ATLANTIQUES<\/strong><\/td><\/tr><tr><td>030923<\/td><td>Dr BOUVARD Marc<\/td><td>Centre Hospitalier &nbsp;<\/td><td class=\"has-text-align-center\" data-align=\"center\">64011<\/td><td>PAU UNIVERSITE<\/td><td>05 59 92 49 34<\/td><\/tr><tr><td>030009<\/td><td>Dr MONLONG Pierre<\/td><td>16 Place de la R\u00e9publique<\/td><td class=\"has-text-align-center\" data-align=\"center\">64100<\/td><td>BAYONNE<\/td><td>05 59 55 17 97<\/td><\/tr><tr><td>031498<\/td><td>Dr ANDRES Marie Laure<\/td><td>Centre Hospitalier de le C\u00f4te Basque- 13 Av de l\u2019Interne Jacques Lo\u00ebb<\/td><td class=\"has-text-align-center\" data-align=\"center\">64100<\/td><td>BAYONNE<\/td><td>05 59 44 32 42<\/td><\/tr><tr><td>030331<\/td><td>Dr ARAGON Fran\u00e7ois<\/td><td>Rue Th\u00e9odore d4Arthez<\/td><td class=\"has-text-align-center\" data-align=\"center\">64120<\/td><td>SAINT PALAIS<\/td><td>05 59 65 77 81<\/td><\/tr><tr><td>031607<\/td><td>Dr BAYLE Philippe<\/td><td>2 Rte de Sauvagnon<\/td><td class=\"has-text-align-center\" data-align=\"center\">64121<\/td><td>SERRES CASTET<\/td><td>05 59 33 85 35<\/td><\/tr><tr><td>031697<\/td><td>Dr TRUNET Christophe<\/td><td>23 Rue Saint Catherine<\/td><td class=\"has-text-align-center\" data-align=\"center\">64230<\/td><td>LESCAR<\/td><td>05 59 77 83 88<\/td><\/tr><tr><td>031735<\/td><td>Dr MARION Cl\u00e9ment<\/td><td>Rte de Morein<\/td><td class=\"has-text-align-center\" data-align=\"center\">64230<\/td><td>ARTIGUELOUVE<\/td><td>05 59 81 00 81<\/td><\/tr><tr><td>100 Av du Bearn<\/td><td>64320<\/td><td>IDRON<\/td><td class=\"has-text-align-center\" data-align=\"center\">05 59 84 56 14<\/td><\/tr><tr><td>031696<\/td><td>Dr BARUCQ Fran\u00e7ois<\/td><td>2 AV DU Pesqu2<\/td><td class=\"has-text-align-center\" data-align=\"center\">64300<\/td><td>ORTHEZ<\/td><td>05 59 69 03 15<\/td><\/tr><tr><td>NAQ1892<\/td><td>Dr COOMANS Marie<\/td><td>Rue Florence<\/td><td class=\"has-text-align-center\" data-align=\"center\">64360<\/td><td>MONEIN<\/td><td>05 59 21 30 52<\/td><\/tr><tr><td>071578<\/td><td>Dr CLAUDEPIERRE Eric<\/td><td>Cabinet M\u00e9dico Sportif 4 Rue des Trams<\/td><td class=\"has-text-align-center\" data-align=\"center\">64400<\/td><td>OLORON STE MARIE<\/td><td>05 64 33 09 58<\/td><\/tr><tr><td>031698<\/td><td>Dr LASFAR Aziz<\/td><td>1 Bd Aragon<\/td><td class=\"has-text-align-center\" data-align=\"center\">64400<\/td><td>OLORON STE MARIE<\/td><td>05 59 39 04 00<\/td><\/tr><tr><td>030330<\/td><td>Dr BORDABERRY G\u00e9rard<\/td><td>4 Av Miau<\/td><td class=\"has-text-align-center\" data-align=\"center\">64500<\/td><td>SAINT JEAN DE LUZ<\/td><td>05 59 51 16 09<\/td><\/tr><tr><td>&nbsp;<\/td><td>&nbsp;<\/td><td>&nbsp;<\/td><td class=\"has-text-align-center\" data-align=\"center\">&nbsp;<\/td><td>&nbsp;<\/td><td>&nbsp;<\/td><\/tr><\/tbody><\/table><\/figure>\n","protected":false},"excerpt":{"rendered":"<p>IMPRIME DEMANDE DE LICENCE 2021\/2022 IMPRIME VIERGE DE DEMANDE DE LICENCE QUESTIONNAIRE MEDICAL COVID 19 CERTIFICAT MEDICAL + QUESTIONNAIRE DEMANDE D&rsquo;EXTENSION T DEMANDE DE LICENCE ASP DEMANDE DE LICENCE APRES DEUX ANS DE LICENCE T DEMANDE DE LICENCE DE JOUEUR PRECEDEMMENT LICENCIE A L ETRANGER DEMANDE DE LETTRE DE SORTIE DEMANDE DE MUTATION (cas particulier)<a class=\"moretag\" href=\"https:\/\/www.landesbasketball.org\/index.php\/divers-imprimes\/\"><span class=\"screen-reader-text\">En savoir plus surDivers Imprim\u00e9s<\/span>[&#8230;]<\/a><\/p>\n","protected":false},"author":3,"featured_media":0,"parent":0,"menu_order":0,"comment_status":"closed","ping_status":"closed","template":"","meta":{"footnotes":""},"class_list":["post-525","page","type-page","status-publish","hentry"],"_links":{"self":[{"href":"https:\/\/www.landesbasketball.org\/index.php\/wp-json\/wp\/v2\/pages\/525","targetHints":{"allow":["GET"]}}],"collection":[{"href":"https:\/\/www.landesbasketball.org\/index.php\/wp-json\/wp\/v2\/pages"}],"about":[{"href":"https:\/\/www.landesbasketball.org\/index.php\/wp-json\/wp\/v2\/types\/page"}],"author":[{"embeddable":true,"href":"https:\/\/www.landesbasketball.org\/index.php\/wp-json\/wp\/v2\/users\/3"}],"replies":[{"embeddable":true,"href":"https:\/\/www.landesbasketball.org\/index.php\/wp-json\/wp\/v2\/comments?post=525"}],"version-history":[{"count":11,"href":"https:\/\/www.landesbasketball.org\/index.php\/wp-json\/wp\/v2\/pages\/525\/revisions"}],"predecessor-version":[{"id":1944,"href":"https:\/\/www.landesbasketball.org\/index.php\/wp-json\/wp\/v2\/pages\/525\/revisions\/1944"}],"wp:attachment":[{"href":"https:\/\/www.landesbasketball.org\/index.php\/wp-json\/wp\/v2\/media?parent=525"}],"curies":[{"name":"wp","href":"https:\/\/api.w.org\/{rel}","templated":true}]}}